{"id":514,"date":"2026-04-13T16:41:15","date_gmt":"2026-04-13T08:41:15","guid":{"rendered":"https:\/\/moceansms.com.br\/?page_id=514"},"modified":"2026-04-13T16:42:26","modified_gmt":"2026-04-13T08:42:26","slug":"blog","status":"publish","type":"page","link":"https:\/\/moceansms.com.br\/pt\/blog\/","title":{"rendered":"Posts de Blog"},"content":{"rendered":"<style>.elementor-514 .elementor-element.elementor-element-0285907:not(.elementor-motion-effects-element-type-background), .elementor-514 .elementor-element.elementor-element-0285907 > .elementor-motion-effects-container > .elementor-motion-effects-layer{background-color:var( --e-global-color-a481624 );background-image:url(\"https:\/\/moceansms.com.br\/wp-content\/uploads\/2026\/04\/from-above-of-group-of-diverse-colleagues-in-forma-2026-01-09-07-38-38-utc-scaled-1.jpg\");background-position:bottom center;background-repeat:no-repeat;background-size:cover;}.elementor-514 .elementor-element.elementor-element-0285907 > .elementor-background-overlay{background-color:var( --e-global-color-secondary );opacity:0.83;transition:background 0.3s, border-radius 0.3s, opacity 0.3s;}.elementor-514 .elementor-element.elementor-element-0285907{transition:background 0.3s, border 0.3s, border-radius 0.3s, box-shadow 0.3s;margin-top:0px;margin-bottom:0px;padding:170px 0px 100px 0px;}.elementor-514 .elementor-element.elementor-element-0285907 > .elementor-shape-bottom svg{height:61px;transform:translateX(-50%) rotateY(180deg);}.elementor-514 .elementor-element.elementor-element-f8d2390 > .elementor-element-populated{margin:0px 0px 0px 0px;--e-column-margin-right:0px;--e-column-margin-left:0px;padding:0px 500px 0px 0px;}.elementor-514 .elementor-element.elementor-element-b8e62a6 .elementor-heading-title{font-family:\"Arimo\", Sans-serif;font-size:43px;font-weight:600;color:#0B3D91;}.elementor-514 .elementor-element.elementor-element-b8e62a6{padding:20px 0px 0px 0px;}.elementor-514 .elementor-element.elementor-element-3418388{color:var( --e-global-color-primary );}.elementor-514 .elementor-element.elementor-element-87dd52c{margin-top:0px;margin-bottom:0px;padding:100px 0px 100px 0px;}.elementor-514 .elementor-element.elementor-element-c1b53ae > .elementor-element-populated{margin:0px 0px 0px 0px;--e-column-margin-right:0px;--e-column-margin-left:0px;padding:0px 0px 0px 0px;}.elementor-514 .elementor-element.elementor-element-9aa57a3 .elementskit-post-image-card{display:block;}.elementor-514 .elementor-element.elementor-element-9aa57a3 .btn-wraper{text-align:left;}.elementor-514 .elementor-element.elementor-element-9aa57a3 .elementskit-blog-block-post, .elementor-514 .elementor-element.elementor-element-9aa57a3 .elementskit-post-image-card, .elementor-514 .elementor-element.elementor-element-9aa57a3 .elementskit-post-card{background-color:var( --e-global-color-b5db523 );box-shadow:0px 0px 0px 0px rgba(0,0,0,0.5);border-radius:0px 0px 0px 0px;padding:0px 0px 0px 0px;margin:0px 0px 40px 0px;}.elementor-514 .elementor-element.elementor-element-9aa57a3 .elementskit-blog-block-post .elementskit-post-body{padding:0px 0px 0px 0px;}.elementor-514 .elementor-element.elementor-element-9aa57a3 .elementskit-post-image-card .elementskit-post-body{padding:0px 0px 0px 0px;}.elementor-514 .elementor-element.elementor-element-9aa57a3 .elementskit-entry-thumb{border-radius:0px 0px 0px 0px;margin:0px 0px 0px 0px;} .elementor-514 .elementor-element.elementor-element-9aa57a3 .ekit-wid-con .elementskit-entry-thumb{padding:0px 0px 0px 0px;}.elementor-514 .elementor-element.elementor-element-9aa57a3 .post-meta-list{text-align:left;}.elementor-514 .elementor-element.elementor-element-9aa57a3 .elementskit-post-body .entry-title, .elementor-514 .elementor-element.elementor-element-9aa57a3 .elementskit-entry-header .entry-title, .elementor-514 .elementor-element.elementor-element-9aa57a3 .elementskit-post-image-card .elementskit-post-body .entry-title  a,  .elementor-514 .elementor-element.elementor-element-9aa57a3 .elementskit-post-card .elementskit-entry-header .entry-title  a,.elementor-514 .elementor-element.elementor-element-9aa57a3 .elementskit-blog-block-post .elementskit-post-body .entry-title a{font-family:\"Arimo\", Sans-serif;font-size:1.2em;}.elementor-514 .elementor-element.elementor-element-9aa57a3 .elementskit-post-body .entry-title a{color:#353535;}.elementor-514 .elementor-element.elementor-element-9aa57a3 .elementskit-entry-header .entry-title a{color:#353535;}.elementor-514 .elementor-element.elementor-element-9aa57a3 .elementskit-post-body .entry-title{text-align:left;margin:20px 0px 15px 0px;}.elementor-514 .elementor-element.elementor-element-9aa57a3 .elementskit-entry-header .entry-title{text-align:left;margin:20px 0px 15px 0px;}.elementor-514 .elementor-element.elementor-element-9aa57a3 .elementskit-post-footer > p{color:var( --e-global-color-text );}.elementor-514 .elementor-element.elementor-element-9aa57a3 .elementskit-post-body > p{color:var( --e-global-color-text );text-align:left;}.elementor-514 .elementor-element.elementor-element-9aa57a3 .elementskit-post-footer{text-align:left;}.elementor-514 .elementor-element.elementor-element-9aa57a3 .elementskit-btn{padding:0px 0px 0px 0px;color:#3C6D71;fill:#3C6D71;background-color:#02010100;border-radius:0px 0px 0px 0px;}.elementor-514 .elementor-element.elementor-element-9aa57a3 .elementskit-btn:hover{color:var( --e-global-color-text );fill:var( --e-global-color-text );}.elementor-514 .elementor-element.elementor-element-9aa57a3{margin:0px 0px calc(var(--kit-widget-spacing, 0px) + 0px) 0px;}@media(max-width:1024px){.elementor-514 .elementor-element.elementor-element-0285907 > .elementor-shape-bottom svg{height:39px;}.elementor-514 .elementor-element.elementor-element-0285907{padding:170px 30px 100px 30px;}.elementor-514 .elementor-element.elementor-element-f8d2390 > .elementor-element-populated{padding:0px 200px 0px 0px;}.elementor-514 .elementor-element.elementor-element-b8e62a6{padding:0px 0px 0px 0px;}.elementor-514 .elementor-element.elementor-element-3418388{margin:0px 0px calc(var(--kit-widget-spacing, 0px) + 0px) 0px;padding:0px 30px 0px 0px;}.elementor-514 .elementor-element.elementor-element-87dd52c{margin-top:0px;margin-bottom:0px;padding:100px 30px 100px 30px;}.elementor-514 .elementor-element.elementor-element-9aa57a3 .elementskit-blog-block-post, .elementor-514 .elementor-element.elementor-element-9aa57a3 .elementskit-post-image-card, .elementor-514 .elementor-element.elementor-element-9aa57a3 .elementskit-post-card{margin:0px 0px 30px 0px;}.elementor-514 .elementor-element.elementor-element-9aa57a3 .elementskit-post-body .entry-title, .elementor-514 .elementor-element.elementor-element-9aa57a3 .elementskit-entry-header .entry-title, .elementor-514 .elementor-element.elementor-element-9aa57a3 .elementskit-post-image-card .elementskit-post-body .entry-title  a,  .elementor-514 .elementor-element.elementor-element-9aa57a3 .elementskit-post-card .elementskit-entry-header .entry-title  a,.elementor-514 .elementor-element.elementor-element-9aa57a3 .elementskit-blog-block-post .elementskit-post-body .entry-title a{font-size:1.1em;}}@media(max-width:767px){.elementor-514 .elementor-element.elementor-element-0285907{padding:170px 20px 100px 20px;}.elementor-514 .elementor-element.elementor-element-f8d2390.elementor-column > .elementor-widget-wrap{justify-content:center;}.elementor-514 .elementor-element.elementor-element-f8d2390 > .elementor-element-populated{padding:0px 0px 0px 0px;}.elementor-514 .elementor-element.elementor-element-b8e62a6{text-align:center;padding:20px 0px 0px 0px;}.elementor-514 .elementor-element.elementor-element-3418388{text-align:center;padding:0px 0px 0px 0px;}.elementor-514 .elementor-element.elementor-element-87dd52c{padding:100px 20px 100px 20px;}.elementor-514 .elementor-element.elementor-element-9aa57a3 .elementskit-blog-block-post, .elementor-514 .elementor-element.elementor-element-9aa57a3 .elementskit-post-image-card, .elementor-514 .elementor-element.elementor-element-9aa57a3 .elementskit-post-card{margin:0px 0px 30px 0px;}.elementor-514 .elementor-element.elementor-element-9aa57a3 .elementskit-post-body .entry-title, .elementor-514 .elementor-element.elementor-element-9aa57a3 .elementskit-entry-header .entry-title, .elementor-514 .elementor-element.elementor-element-9aa57a3 .elementskit-post-image-card .elementskit-post-body .entry-title  a,  .elementor-514 .elementor-element.elementor-element-9aa57a3 .elementskit-post-card .elementskit-entry-header .entry-title  a,.elementor-514 .elementor-element.elementor-element-9aa57a3 .elementskit-blog-block-post .elementskit-post-body .entry-title a{font-size:1.1em;}}<\/style>\t\t<div data-elementor-type=\"wp-page\" data-elementor-id=\"514\" class=\"elementor elementor-514\">\n\t\t\t\t\t\t<section class=\"elementor-section elementor-top-section elementor-element elementor-element-0285907 elementor-section-boxed elementor-section-height-default elementor-section-height-default\" data-id=\"0285907\" data-element_type=\"section\" data-e-type=\"section\" data-settings=\"{&quot;background_background&quot;:&quot;classic&quot;,&quot;shape_divider_bottom&quot;:&quot;triangle-asymmetrical&quot;}\">\n\t\t\t\t\t\t\t<div class=\"elementor-background-overlay\"><\/div>\n\t\t\t\t\t\t<div class=\"elementor-shape elementor-shape-bottom\" aria-hidden=\"true\" data-negative=\"false\">\n\t\t\t<svg xmlns=\"http:\/\/www.w3.org\/2000\/svg\" viewbox=\"0 0 1000 100\" preserveaspectratio=\"none\">\n\t<path class=\"elementor-shape-fill\" d=\"M738,99l262-93V0H0v5.6L738,99z\"\/>\n<\/svg>\t\t<\/div>\n\t\t\t\t\t<div class=\"elementor-container elementor-column-gap-default\">\n\t\t\t\t\t<div class=\"elementor-column elementor-col-100 elementor-top-column elementor-element elementor-element-f8d2390\" data-id=\"f8d2390\" data-element_type=\"column\" data-e-type=\"column\">\n\t\t\t<div class=\"elementor-widget-wrap elementor-element-populated\">\n\t\t\t\t\t\t<div class=\"elementor-element elementor-element-b8e62a6 elementor-widget elementor-widget-heading\" data-id=\"b8e62a6\" data-element_type=\"widget\" data-e-type=\"widget\" data-widget_type=\"heading.default\">\n\t\t\t\t\t<h1 class=\"elementor-heading-title elementor-size-default\">Posts de Blog<\/h1>\t\t\t\t<\/div>\n\t\t\t\t<div class=\"elementor-element elementor-element-bba973f elementor-widget elementor-widget-shortcode\" data-id=\"bba973f\" data-element_type=\"widget\" data-e-type=\"widget\" data-widget_type=\"shortcode.default\">\n\t\t\t\t\t\t\t<div class=\"elementor-shortcode\"><nav aria-label=\"farinha de rosca\" class=\"rank-math-breadcrumb\"><p><span class=\"last\">In\u00edcio<\/span><\/p><\/nav><\/div>\n\t\t\t\t\t\t<\/div>\n\t\t\t\t<div class=\"elementor-element elementor-element-3418388 elementor-widget elementor-widget-text-editor\" data-id=\"3418388\" data-element_type=\"widget\" data-e-type=\"widget\" data-widget_type=\"text-editor.default\">\n\t\t\t\t\t\t\t\t\t<p>Descubra como a MOCEAN est\u00e1 revolucionando a comunica\u00e7\u00e3o empresarial por meio de atualiza\u00e7\u00f5es, insights de especialistas e casos de uso pr\u00e1ticos adequados para organiza\u00e7\u00f5es de todos os portes.<\/p>\t\t\t\t\t\t\t\t<\/div>\n\t\t\t\t\t<\/div>\n\t\t<\/div>\n\t\t\t\t\t<\/div>\n\t\t<\/section>\n\t\t\t\t<section class=\"elementor-section elementor-top-section elementor-element elementor-element-87dd52c elementor-section-boxed elementor-section-height-default elementor-section-height-default\" data-id=\"87dd52c\" data-element_type=\"section\" data-e-type=\"section\">\n\t\t\t\t\t\t<div class=\"elementor-container elementor-column-gap-default\">\n\t\t\t\t\t<div class=\"elementor-column elementor-col-100 elementor-top-column elementor-element elementor-element-c1b53ae\" data-id=\"c1b53ae\" data-element_type=\"column\" data-e-type=\"column\">\n\t\t\t<div class=\"elementor-widget-wrap elementor-element-populated\">\n\t\t\t\t\t\t<div class=\"elementor-element elementor-element-9aa57a3 elementor-widget elementor-widget-elementskit-blog-posts\" data-id=\"9aa57a3\" data-element_type=\"widget\" data-e-type=\"widget\" data-widget_type=\"elementskit-blog-posts.default\">\n\t\t\t\t\t<div class=\"ekit-wid-con\" >        <div id=\"post-items--9aa57a3\" class=\"row post-items\">\n                    <div class=\"col-lg-4 col-md-6\">\n\n                                    <div class=\"elementskit-post-image-card\">\n                        <div class=\"elementskit-entry-header\">\n                                                            <a href=\"https:\/\/moceansms.com.br\/pt\/blog\/scale-brazil-online-gaming-sms\/\" class=\"elementskit-entry-thumb\">\n                                    <img decoding=\"async\" src=\"https:\/\/moceansms.com.br\/wp-content\/uploads\/2026\/04\/scale-brazil-online-gaming-sms-1024x683.jpg\" alt=\"Como o Jogos Online no Brasil Pode Alcan\u00e7ar Mais Jogadores com Campanhas de SMS\">\n                                <\/a><!-- .elementskit-entry-thumb END -->\n                                                            \n                            \n\t\t\t\t\t\t\t\t\t\t\t\t\t<\/div><!-- .elementskit-entry-header END -->\n\n\t\t\t\t\t\t<div class=\"elementskit-post-body\">\n\t\t\t\t\t\t\t\n\t\t\t\t\t\t\t\t\t\t\t\t\t\t\t\t\t\t\t\t\t\t\t\t\t\t\t\t\t\t\n\t\t\t\t\t\t\t\t\n\t\t\t\t\t\t\t\t\t\t\t\t\t\t\t\t\t\t\t\t\t<h2 class=\"entry-title\">\n\t\t\t\t\t<a href=\"https:\/\/moceansms.com.br\/pt\/blog\/scale-brazil-online-gaming-sms\/\">\n\t\t\t\t\t\tComo o Jogos Online no Brasil Pode Alcan\u00e7ar Mais Jogadores com Campanhas de SMS\t\t\t\t\t<\/a>\n\t\t\t\t<\/h2>\n\t\t\t\t\t\t\t\t\t\t\t\t\t\t\t\t\t\t\t\t\t\t\t\t\t\t\t\t\t\t\t\t\t\t\t\t\t\t\t\t\t\t<p>Alcance mais jogadores e aumente a reten\u00e7\u00e3o com campanhas de SMS diretas.<\/p>\n\t\t\t\t\t\t\t\t\t\t\t\t\t\t\t\t\t\t\t\t\t\t                                                            <div class=\"btn-wraper\">\n                                                                            <a class=\"elementskit-btn whitespace--normal\" id=\"\" href=\"https:\/\/moceansms.com.br\/pt\/blog\/scale-brazil-online-gaming-sms\/\">\n                                            Saiba mais                                             <svg aria-hidden=\"true\" class=\"e-font-icon-svg e-fas-long-arrow-alt-right\" viewbox=\"0 0 448 512\" xmlns=\"http:\/\/www.w3.org\/2000\/svg\"><path d=\"M313.941 216H12c-6.627 0-12 5.373-12 12v56c0 6.627 5.373 12 12 12h301.941v46.059c0 21.382 25.851 32.09 40.971 16.971l86.059-86.059c9.373-9.373 9.373-24.569 0-33.941l-86.059-86.059c-15.119-15.119-40.971-4.411-40.971 16.971V216z\"><\/path><\/svg>                                        <\/a>\n                                    \n                                                                    <\/div>\n                                                    <\/div><!-- .elementskit-post-body END -->\n                    <\/div>\n                \n            <\/div>\n                    <div class=\"col-lg-4 col-md-6\">\n\n                                    <div class=\"elementskit-post-image-card\">\n                        <div class=\"elementskit-entry-header\">\n                                                            <a href=\"https:\/\/moceansms.com.br\/pt\/blog\/grow-online-gaming-brazil-sms-marketing\/\" class=\"elementskit-entry-thumb\">\n                                    <img decoding=\"async\" src=\"https:\/\/moceansms.com.br\/wp-content\/uploads\/2026\/04\/grow-online-gaming-brazil-sms-marketing-1024x683.jpg\" alt=\"Como os Jogos Online no Brasil Podem Usar o Marketing por SMS para Crescer Mais R\u00e1pido\">\n                                <\/a><!-- .elementskit-entry-thumb END -->\n                                                            \n                            \n\t\t\t\t\t\t\t\t\t\t\t\t\t<\/div><!-- .elementskit-entry-header END -->\n\n\t\t\t\t\t\t<div class=\"elementskit-post-body\">\n\t\t\t\t\t\t\t\n\t\t\t\t\t\t\t\t\t\t\t\t\t\t\t\t\t\t\t\t\t\t\t\t\t\t\t\t\t\t\n\t\t\t\t\t\t\t\t\n\t\t\t\t\t\t\t\t\t\t\t\t\t\t\t\t\t\t\t\t\t<h2 class=\"entry-title\">\n\t\t\t\t\t<a href=\"https:\/\/moceansms.com.br\/pt\/blog\/grow-online-gaming-brazil-sms-marketing\/\">\n\t\t\t\t\t\tComo os Jogos Online no Brasil Podem Usar o Marketing por SMS para Crescer Mais R\u00e1pido\t\t\t\t\t<\/a>\n\t\t\t\t<\/h2>\n\t\t\t\t\t\t\t\t\t\t\t\t\t\t\t\t\t\t\t\t\t\t\t\t\t\t\t\t\t\t\t\t\t\t\t\t\t\t\t\t\t\t<p>Automatize o onboarding de jogadores e aproveite altas taxas de abertura com marketing por SMS.<\/p>\n\t\t\t\t\t\t\t\t\t\t\t\t\t\t\t\t\t\t\t\t\t\t                                                            <div class=\"btn-wraper\">\n                                                                            <a class=\"elementskit-btn whitespace--normal\" id=\"\" href=\"https:\/\/moceansms.com.br\/pt\/blog\/grow-online-gaming-brazil-sms-marketing\/\">\n                                            Saiba mais                                             <svg aria-hidden=\"true\" class=\"e-font-icon-svg e-fas-long-arrow-alt-right\" viewbox=\"0 0 448 512\" xmlns=\"http:\/\/www.w3.org\/2000\/svg\"><path d=\"M313.941 216H12c-6.627 0-12 5.373-12 12v56c0 6.627 5.373 12 12 12h301.941v46.059c0 21.382 25.851 32.09 40.971 16.971l86.059-86.059c9.373-9.373 9.373-24.569 0-33.941l-86.059-86.059c-15.119-15.119-40.971-4.411-40.971 16.971V216z\"><\/path><\/svg>                                        <\/a>\n                                    \n                                                                    <\/div>\n                                                    <\/div><!-- .elementskit-post-body END -->\n                    <\/div>\n                \n            <\/div>\n                <\/div>\n       <\/div>\t\t\t\t<\/div>\n\t\t\t\t\t<\/div>\n\t\t<\/div>\n\t\t\t\t\t<\/div>\n\t\t<\/section>\n\t\t\t\t<\/div>","protected":false},"excerpt":{"rendered":"<p>Posts de Blog Descubra como a MOCEAN est\u00e1 revolucionando a comunica\u00e7\u00e3o empresarial atrav\u00e9s de atualiza\u00e7\u00f5es, insights de especialistas e casos de uso pr\u00e1ticos adequados para organiza\u00e7\u00f5es de todos os portes.<\/p>","protected":false},"author":2,"featured_media":0,"parent":0,"menu_order":0,"comment_status":"closed","ping_status":"closed","template":"elementor_header_footer","meta":{"footnotes":""},"class_list":["post-514","page","type-page","status-publish","hentry"],"_links":{"self":[{"href":"https:\/\/moceansms.com.br\/pt\/wp-json\/wp\/v2\/pages\/514","targetHints":{"allow":["GET"]}}],"collection":[{"href":"https:\/\/moceansms.com.br\/pt\/wp-json\/wp\/v2\/pages"}],"about":[{"href":"https:\/\/moceansms.com.br\/pt\/wp-json\/wp\/v2\/types\/page"}],"author":[{"embeddable":true,"href":"https:\/\/moceansms.com.br\/pt\/wp-json\/wp\/v2\/users\/2"}],"replies":[{"embeddable":true,"href":"https:\/\/moceansms.com.br\/pt\/wp-json\/wp\/v2\/comments?post=514"}],"version-history":[{"count":4,"href":"https:\/\/moceansms.com.br\/pt\/wp-json\/wp\/v2\/pages\/514\/revisions"}],"predecessor-version":[{"id":519,"href":"https:\/\/moceansms.com.br\/pt\/wp-json\/wp\/v2\/pages\/514\/revisions\/519"}],"wp:attachment":[{"href":"https:\/\/moceansms.com.br\/pt\/wp-json\/wp\/v2\/media?parent=514"}],"curies":[{"name":"wp","href":"https:\/\/api.w.org\/{rel}","templated":true}]}}